{"id":553,"date":"2024-10-07T09:14:56","date_gmt":"2024-10-07T09:14:56","guid":{"rendered":"https:\/\/macsa.us\/?page_id=553"},"modified":"2024-10-14T11:47:56","modified_gmt":"2024-10-14T11:47:56","slug":"contacto-estudiantes","status":"publish","type":"page","link":"https:\/\/macsa.us\/en\/contacto-estudiantes\/","title":{"rendered":"Cont\u00e1ctanos"},"content":{"rendered":"\t\t<div data-elementor-type=\"wp-page\" data-elementor-id=\"553\" class=\"elementor elementor-553\" data-elementor-post-type=\"page\">\n\t\t\t\t<div class=\"elementor-element elementor-element-6876c94 e-con-full e-flex e-con e-parent\" data-id=\"6876c94\" data-element_type=\"container\" data-e-type=\"container\" data-settings=\"{&quot;background_background&quot;:&quot;classic&quot;}\">\n\t\t<div class=\"elementor-element elementor-element-01cbf96 e-flex e-con-boxed e-con e-child\" data-id=\"01cbf96\" data-element_type=\"container\" data-e-type=\"container\">\n\t\t\t\t\t<div class=\"e-con-inner\">\n\t\t\t\t<div class=\"elementor-element elementor-element-b7a6863 elementor-widget elementor-widget-image\" data-id=\"b7a6863\" data-element_type=\"widget\" data-e-type=\"widget\" data-widget_type=\"image.default\">\n\t\t\t\t<div class=\"elementor-widget-container\">\n\t\t\t\t\t\t\t\t\t\t\t\t\t\t\t<img fetchpriority=\"high\" decoding=\"async\" width=\"489\" height=\"155\" src=\"https:\/\/macsa.us\/wp-content\/uploads\/2024\/09\/logo-macsa-estudiantes-negro.png\" class=\"attachment-large size-large wp-image-116\" alt=\"\" srcset=\"https:\/\/macsa.us\/wp-content\/uploads\/2024\/09\/logo-macsa-estudiantes-negro.png 489w, https:\/\/macsa.us\/wp-content\/uploads\/2024\/09\/logo-macsa-estudiantes-negro-300x95.png 300w\" sizes=\"(max-width: 489px) 100vw, 489px\" \/>\t\t\t\t\t\t\t\t\t\t\t\t\t\t\t<\/div>\n\t\t\t\t<\/div>\n\t\t\t\t\t<\/div>\n\t\t\t\t<\/div>\n\t\t\t\t<\/div>\n\t\t<div class=\"elementor-element elementor-element-5e3b3f7 e-flex e-con-boxed e-con e-parent\" data-id=\"5e3b3f7\" data-element_type=\"container\" data-e-type=\"container\" data-settings=\"{&quot;background_background&quot;:&quot;classic&quot;}\">\n\t\t\t\t\t<div class=\"e-con-inner\">\n\t\t<div class=\"elementor-element elementor-element-f9b973e e-con-full e-flex e-con e-child\" data-id=\"f9b973e\" data-element_type=\"container\" data-e-type=\"container\">\n\t\t\t\t<div class=\"elementor-element elementor-element-defa9af elementor-widget__width-initial elementor-widget elementor-widget-heading\" data-id=\"defa9af\" data-element_type=\"widget\" data-e-type=\"widget\" data-widget_type=\"heading.default\">\n\t\t\t\t<div class=\"elementor-widget-container\">\n\t\t\t\t\t<h1 class=\"elementor-heading-title elementor-size-default\">Tu futuro comienza aqu\u00ed: Te guiamos hacia la universidad ideal.<\/h1>\t\t\t\t<\/div>\n\t\t\t\t<\/div>\n\t\t\t\t<div class=\"elementor-element elementor-element-b75d152 elementor-widget__width-initial elementor-widget elementor-widget-heading\" data-id=\"b75d152\" data-element_type=\"widget\" data-e-type=\"widget\" data-widget_type=\"heading.default\">\n\t\t\t\t<div class=\"elementor-widget-container\">\n\t\t\t\t\t<h1 class=\"elementor-heading-title elementor-size-default\">Estamos aqu\u00ed para ayudarte. D\u00e9janos tus datos y te asesoraremos en cada paso del proceso.<\/h1>\t\t\t\t<\/div>\n\t\t\t\t<\/div>\n\t\t\t\t<\/div>\n\t\t<div class=\"elementor-element elementor-element-2b77f88 e-con-full e-flex e-con e-child\" data-id=\"2b77f88\" data-element_type=\"container\" data-e-type=\"container\">\n\t\t<div class=\"elementor-element elementor-element-8ff49e2 e-flex e-con-boxed e-con e-child\" data-id=\"8ff49e2\" data-element_type=\"container\" data-e-type=\"container\">\n\t\t\t\t\t<div class=\"e-con-inner\">\n\t\t\t\t<div class=\"elementor-element elementor-element-33d7a92 elementor-button-align-start elementor-widget elementor-widget-form\" data-id=\"33d7a92\" data-element_type=\"widget\" data-e-type=\"widget\" data-settings=\"{&quot;step_next_label&quot;:&quot;Siguiente&quot;,&quot;step_previous_label&quot;:&quot;Anterior&quot;,&quot;button_width&quot;:&quot;100&quot;,&quot;step_type&quot;:&quot;number_text&quot;,&quot;step_icon_shape&quot;:&quot;circle&quot;}\" data-widget_type=\"form.default\">\n\t\t\t\t<div class=\"elementor-widget-container\">\n\t\t\t\t\t\t\t<form class=\"elementor-form\" method=\"post\" name=\"Formulario Contacto - Estudiantes\" aria-label=\"Formulario Contacto - Estudiantes\">\n\t\t\t<input type=\"hidden\" name=\"post_id\" value=\"553\"\/>\n\t\t\t<input type=\"hidden\" name=\"form_id\" value=\"33d7a92\"\/>\n\t\t\t<input type=\"hidden\" name=\"referer_title\" value=\"Cont\u00e1ctanos - MACSA\" \/>\n\n\t\t\t\t\t\t\t<input type=\"hidden\" name=\"queried_id\" value=\"553\"\/>\n\t\t\t\n\t\t\t<div class=\"elementor-form-fields-wrapper elementor-labels-above\">\n\t\t\t\t\t\t\t\t<div class=\"elementor-field-type-text elementor-field-group elementor-column elementor-field-group-name elementor-col-100 elementor-field-required elementor-mark-required\">\n\t\t\t\t\t\t\t\t\t\t\t\t\t<input size=\"1\" type=\"text\" name=\"form_fields[name]\" id=\"form-field-name\" class=\"elementor-field elementor-size-md  elementor-field-textual\" placeholder=\"Nombre y apellidos\" required=\"required\">\n\t\t\t\t\t\t\t\t\t\t\t<\/div>\n\t\t\t\t\t\t\t\t<div class=\"elementor-field-type-email elementor-field-group elementor-column elementor-field-group-email elementor-col-100 elementor-field-required elementor-mark-required\">\n\t\t\t\t\t\t\t\t\t\t\t\t\t<input size=\"1\" type=\"email\" name=\"form_fields[email]\" id=\"form-field-email\" class=\"elementor-field elementor-size-md  elementor-field-textual\" placeholder=\"Correo electr\u00f3nico\" required=\"required\">\n\t\t\t\t\t\t\t\t\t\t\t<\/div>\n\t\t\t\t\t\t\t\t<div class=\"elementor-field-type-tel elementor-field-group elementor-column elementor-field-group-field_2b555c9 elementor-col-100 elementor-field-required elementor-mark-required\">\n\t\t\t\t\t\t\t<input size=\"1\" type=\"tel\" name=\"form_fields[field_2b555c9]\" id=\"form-field-field_2b555c9\" class=\"elementor-field elementor-size-md  elementor-field-textual\" placeholder=\"Tel\u00e9fono\" required=\"required\" pattern=\"[0-9()#&amp;+*-=.]+\" title=\"Solo se aceptan n\u00fameros y caracteres de tel\u00e9fono (#,-,*,etc).\">\n\n\t\t\t\t\t\t<\/div>\n\t\t\t\t\t\t\t\t<div class=\"elementor-field-type-recaptcha_v3 elementor-field-group elementor-column elementor-field-group-field_b8bca81 elementor-col-100 recaptcha_v3-bottomleft\">\n\t\t\t\t\t<div class=\"elementor-field\" id=\"form-field-field_b8bca81\"><div class=\"elementor-g-recaptcha\" data-sitekey=\"6LcY6mAqAAAAAJ-Vv_NNaZE-m2v6GswI_7ahGyiH\" data-type=\"v3\" data-action=\"Form\" data-badge=\"bottomleft\" data-size=\"invisible\"><\/div><\/div>\t\t\t\t<\/div>\n\t\t\t\t\t\t\t\t<div class=\"elementor-field-group elementor-column elementor-field-type-submit elementor-col-100 e-form__buttons\">\n\t\t\t\t\t<button class=\"elementor-button elementor-size-sm elementor-animation-pop\" type=\"submit\">\n\t\t\t\t\t\t<span class=\"elementor-button-content-wrapper\">\n\t\t\t\t\t\t\t\t\t\t\t\t\t\t\t\t\t\t\t\t\t\t<span class=\"elementor-button-text\">Enviar<\/span>\n\t\t\t\t\t\t\t\t\t\t\t\t\t<\/span>\n\t\t\t\t\t<\/button>\n\t\t\t\t<\/div>\n\t\t\t<\/div>\n\t\t<\/form>\n\t\t\t\t\t\t<\/div>\n\t\t\t\t<\/div>\n\t\t\t\t\t<\/div>\n\t\t\t\t<\/div>\n\t\t\t\t<\/div>\n\t\t\t\t\t<\/div>\n\t\t\t\t<\/div>\n\t\t\t\t<\/div>\n\t\t","protected":false},"excerpt":{"rendered":"<p>Tu futuro comienza aqu\u00ed: Te guiamos hacia la universidad ideal. Estamos aqu\u00ed para ayudarte. D\u00e9janos tus datos y te asesoraremos en cada paso del proceso.<\/p>","protected":false},"author":1,"featured_media":0,"parent":0,"menu_order":0,"comment_status":"closed","ping_status":"closed","template":"elementor_header_footer","meta":{"_themeisle_gutenberg_block_has_review":false,"footnotes":""},"class_list":["post-553","page","type-page","status-publish","hentry"],"blocksy_meta":[],"yoast_head":"<!-- This site is optimized with the Yoast SEO plugin v25.0 - https:\/\/yoast.com\/wordpress\/plugins\/seo\/ -->\n<title>Cont\u00e1ctanos - MACSA<\/title>\n<meta name=\"robots\" content=\"index, follow, max-snippet:-1, max-image-preview:large, max-video-preview:-1\" \/>\n<link rel=\"canonical\" href=\"https:\/\/macsa.us\/en\/contacto-estudiantes\/\" \/>\n<meta property=\"og:locale\" content=\"en_GB\" \/>\n<meta property=\"og:type\" content=\"article\" \/>\n<meta property=\"og:title\" content=\"Cont\u00e1ctanos - MACSA\" \/>\n<meta property=\"og:description\" content=\"Tu futuro comienza aqu\u00ed: Te guiamos hacia la universidad ideal. Estamos aqu\u00ed para ayudarte. D\u00e9janos tus datos y te asesoraremos en cada paso del proceso.\" \/>\n<meta property=\"og:url\" content=\"https:\/\/macsa.us\/en\/contacto-estudiantes\/\" \/>\n<meta property=\"og:site_name\" content=\"MACSA\" \/>\n<meta property=\"article:modified_time\" content=\"2024-10-14T11:47:56+00:00\" \/>\n<meta property=\"og:image\" content=\"https:\/\/macsa.us\/wp-content\/uploads\/2024\/09\/logo-macsa-estudiantes-negro.png\" \/>\n\t<meta property=\"og:image:width\" content=\"489\" \/>\n\t<meta property=\"og:image:height\" content=\"155\" \/>\n\t<meta property=\"og:image:type\" content=\"image\/png\" \/>\n<meta name=\"twitter:card\" content=\"summary_large_image\" \/>\n<meta name=\"twitter:label1\" content=\"Estimated reading time\" \/>\n\t<meta name=\"twitter:data1\" content=\"1 minute\" \/>\n<script type=\"application\/ld+json\" class=\"yoast-schema-graph\">{\"@context\":\"https:\/\/schema.org\",\"@graph\":[{\"@type\":\"WebPage\",\"@id\":\"https:\/\/macsa.us\/contacto-estudiantes\/\",\"url\":\"https:\/\/macsa.us\/contacto-estudiantes\/\",\"name\":\"Cont\u00e1ctanos - MACSA\",\"isPartOf\":{\"@id\":\"https:\/\/macsa.us\/#website\"},\"primaryImageOfPage\":{\"@id\":\"https:\/\/macsa.us\/contacto-estudiantes\/#primaryimage\"},\"image\":{\"@id\":\"https:\/\/macsa.us\/contacto-estudiantes\/#primaryimage\"},\"thumbnailUrl\":\"https:\/\/macsa.us\/wp-content\/uploads\/2024\/09\/logo-macsa-estudiantes-negro.png\",\"datePublished\":\"2024-10-07T09:14:56+00:00\",\"dateModified\":\"2024-10-14T11:47:56+00:00\",\"breadcrumb\":{\"@id\":\"https:\/\/macsa.us\/contacto-estudiantes\/#breadcrumb\"},\"inLanguage\":\"en-GB\",\"potentialAction\":[{\"@type\":\"ReadAction\",\"target\":[\"https:\/\/macsa.us\/contacto-estudiantes\/\"]}]},{\"@type\":\"ImageObject\",\"inLanguage\":\"en-GB\",\"@id\":\"https:\/\/macsa.us\/contacto-estudiantes\/#primaryimage\",\"url\":\"https:\/\/macsa.us\/wp-content\/uploads\/2024\/09\/logo-macsa-estudiantes-negro.png\",\"contentUrl\":\"https:\/\/macsa.us\/wp-content\/uploads\/2024\/09\/logo-macsa-estudiantes-negro.png\"},{\"@type\":\"BreadcrumbList\",\"@id\":\"https:\/\/macsa.us\/contacto-estudiantes\/#breadcrumb\",\"itemListElement\":[{\"@type\":\"ListItem\",\"position\":1,\"name\":\"Portada\",\"item\":\"https:\/\/macsa.us\/\"},{\"@type\":\"ListItem\",\"position\":2,\"name\":\"Cont\u00e1ctanos\"}]},{\"@type\":\"WebSite\",\"@id\":\"https:\/\/macsa.us\/#website\",\"url\":\"https:\/\/macsa.us\/\",\"name\":\"MACSA\",\"description\":\"\",\"publisher\":{\"@id\":\"https:\/\/macsa.us\/#organization\"},\"potentialAction\":[{\"@type\":\"SearchAction\",\"target\":{\"@type\":\"EntryPoint\",\"urlTemplate\":\"https:\/\/macsa.us\/?s={search_term_string}\"},\"query-input\":{\"@type\":\"PropertyValueSpecification\",\"valueRequired\":true,\"valueName\":\"search_term_string\"}}],\"inLanguage\":\"en-GB\"},{\"@type\":\"Organization\",\"@id\":\"https:\/\/macsa.us\/#organization\",\"name\":\"MACSA\",\"url\":\"https:\/\/macsa.us\/\",\"logo\":{\"@type\":\"ImageObject\",\"inLanguage\":\"en-GB\",\"@id\":\"https:\/\/macsa.us\/#\/schema\/logo\/image\/\",\"url\":\"https:\/\/macsa.us\/wp-content\/uploads\/2024\/09\/logo-macsa_white.png\",\"contentUrl\":\"https:\/\/macsa.us\/wp-content\/uploads\/2024\/09\/logo-macsa_white.png\",\"width\":734,\"height\":113,\"caption\":\"MACSA\"},\"image\":{\"@id\":\"https:\/\/macsa.us\/#\/schema\/logo\/image\/\"}}]}<\/script>\n<!-- \/ Yoast SEO plugin. -->","yoast_head_json":{"title":"Cont\u00e1ctanos - MACSA","robots":{"index":"index","follow":"follow","max-snippet":"max-snippet:-1","max-image-preview":"max-image-preview:large","max-video-preview":"max-video-preview:-1"},"canonical":"https:\/\/macsa.us\/en\/contacto-estudiantes\/","og_locale":"en_GB","og_type":"article","og_title":"Cont\u00e1ctanos - MACSA","og_description":"Tu futuro comienza aqu\u00ed: Te guiamos hacia la universidad ideal. Estamos aqu\u00ed para ayudarte. D\u00e9janos tus datos y te asesoraremos en cada paso del proceso.","og_url":"https:\/\/macsa.us\/en\/contacto-estudiantes\/","og_site_name":"MACSA","article_modified_time":"2024-10-14T11:47:56+00:00","og_image":[{"width":489,"height":155,"url":"https:\/\/macsa.us\/wp-content\/uploads\/2024\/09\/logo-macsa-estudiantes-negro.png","type":"image\/png"}],"twitter_card":"summary_large_image","twitter_misc":{"Estimated reading time":"1 minute"},"schema":{"@context":"https:\/\/schema.org","@graph":[{"@type":"WebPage","@id":"https:\/\/macsa.us\/contacto-estudiantes\/","url":"https:\/\/macsa.us\/contacto-estudiantes\/","name":"Cont\u00e1ctanos - MACSA","isPartOf":{"@id":"https:\/\/macsa.us\/#website"},"primaryImageOfPage":{"@id":"https:\/\/macsa.us\/contacto-estudiantes\/#primaryimage"},"image":{"@id":"https:\/\/macsa.us\/contacto-estudiantes\/#primaryimage"},"thumbnailUrl":"https:\/\/macsa.us\/wp-content\/uploads\/2024\/09\/logo-macsa-estudiantes-negro.png","datePublished":"2024-10-07T09:14:56+00:00","dateModified":"2024-10-14T11:47:56+00:00","breadcrumb":{"@id":"https:\/\/macsa.us\/contacto-estudiantes\/#breadcrumb"},"inLanguage":"en-GB","potentialAction":[{"@type":"ReadAction","target":["https:\/\/macsa.us\/contacto-estudiantes\/"]}]},{"@type":"ImageObject","inLanguage":"en-GB","@id":"https:\/\/macsa.us\/contacto-estudiantes\/#primaryimage","url":"https:\/\/macsa.us\/wp-content\/uploads\/2024\/09\/logo-macsa-estudiantes-negro.png","contentUrl":"https:\/\/macsa.us\/wp-content\/uploads\/2024\/09\/logo-macsa-estudiantes-negro.png"},{"@type":"BreadcrumbList","@id":"https:\/\/macsa.us\/contacto-estudiantes\/#breadcrumb","itemListElement":[{"@type":"ListItem","position":1,"name":"Portada","item":"https:\/\/macsa.us\/"},{"@type":"ListItem","position":2,"name":"Cont\u00e1ctanos"}]},{"@type":"WebSite","@id":"https:\/\/macsa.us\/#website","url":"https:\/\/macsa.us\/","name":"MACSA","description":"","publisher":{"@id":"https:\/\/macsa.us\/#organization"},"potentialAction":[{"@type":"SearchAction","target":{"@type":"EntryPoint","urlTemplate":"https:\/\/macsa.us\/?s={search_term_string}"},"query-input":{"@type":"PropertyValueSpecification","valueRequired":true,"valueName":"search_term_string"}}],"inLanguage":"en-GB"},{"@type":"Organization","@id":"https:\/\/macsa.us\/#organization","name":"MACSA","url":"https:\/\/macsa.us\/","logo":{"@type":"ImageObject","inLanguage":"en-GB","@id":"https:\/\/macsa.us\/#\/schema\/logo\/image\/","url":"https:\/\/macsa.us\/wp-content\/uploads\/2024\/09\/logo-macsa_white.png","contentUrl":"https:\/\/macsa.us\/wp-content\/uploads\/2024\/09\/logo-macsa_white.png","width":734,"height":113,"caption":"MACSA"},"image":{"@id":"https:\/\/macsa.us\/#\/schema\/logo\/image\/"}}]}},"_links":{"self":[{"href":"https:\/\/macsa.us\/en\/wp-json\/wp\/v2\/pages\/553"}],"collection":[{"href":"https:\/\/macsa.us\/en\/wp-json\/wp\/v2\/pages"}],"about":[{"href":"https:\/\/macsa.us\/en\/wp-json\/wp\/v2\/types\/page"}],"author":[{"embeddable":true,"href":"https:\/\/macsa.us\/en\/wp-json\/wp\/v2\/users\/1"}],"replies":[{"embeddable":true,"href":"https:\/\/macsa.us\/en\/wp-json\/wp\/v2\/comments?post=553"}],"version-history":[{"count":26,"href":"https:\/\/macsa.us\/en\/wp-json\/wp\/v2\/pages\/553\/revisions"}],"predecessor-version":[{"id":817,"href":"https:\/\/macsa.us\/en\/wp-json\/wp\/v2\/pages\/553\/revisions\/817"}],"wp:attachment":[{"href":"https:\/\/macsa.us\/en\/wp-json\/wp\/v2\/media?parent=553"}],"curies":[{"name":"wp","href":"https:\/\/api.w.org\/{rel}","templated":true}]}}